{"id":178,"date":"2025-05-08T15:03:01","date_gmt":"2025-05-08T13:03:01","guid":{"rendered":"https:\/\/villamare.dk\/?page_id=178"},"modified":"2025-07-09T14:00:54","modified_gmt":"2025-07-09T12:00:54","slug":"cookiepolitik","status":"publish","type":"page","link":"https:\/\/villamare.dk\/de\/cookiepolitik\/","title":{"rendered":"Cookie-Richtlinie"},"content":{"rendered":"<div data-elementor-type=\"wp-page\" data-elementor-id=\"178\" class=\"elementor elementor-178\" data-elementor-post-type=\"page\">\n\t\t\t\t<div class=\"elementor-element elementor-element-67a52d4 e-flex e-con-boxed e-con e-parent\" data-id=\"67a52d4\" data-element_type=\"container\" data-settings=\"{&quot;background_background&quot;:&quot;slideshow&quot;,&quot;background_slideshow_gallery&quot;:[{&quot;id&quot;:302,&quot;url&quot;:&quot;https:\\\/\\\/villamare.dk\\\/wp-content\\\/uploads\\\/2025\\\/06\\\/baadlys-scaled.jpg&quot;}],&quot;background_slideshow_transition_duration&quot;:1000,&quot;background_slideshow_slide_transition&quot;:&quot;slide_right&quot;,&quot;background_slideshow_loop&quot;:&quot;yes&quot;,&quot;background_slideshow_slide_duration&quot;:5000}\">\n\t\t\t\t\t<div class=\"e-con-inner\">\n\t\t<div class=\"elementor-element elementor-element-4f03ac8 e-con-full e-flex e-con e-child\" data-id=\"4f03ac8\" data-element_type=\"container\">\n\t\t\t\t<div class=\"elementor-element elementor-element-cb8455c elementor-widget__width-initial elementor-invisible elementor-widget elementor-widget-heading\" data-id=\"cb8455c\" data-element_type=\"widget\" data-settings=\"{&quot;_animation&quot;:&quot;fadeInUp&quot;,&quot;_animation_delay&quot;:250}\" data-widget_type=\"heading.default\">\n\t\t\t\t<div class=\"elementor-widget-container\">\n\t\t\t\t\t<h1 class=\"elementor-heading-title elementor-size-default\">Cookie-Richtlinie<\/h1>\t\t\t\t<\/div>\n\t\t\t\t<\/div>\n\t\t\t\t<div class=\"elementor-element elementor-element-b04a0c6 elementor-widget-divider--view-line elementor-invisible elementor-widget elementor-widget-divider\" data-id=\"b04a0c6\" data-element_type=\"widget\" data-settings=\"{&quot;_animation&quot;:&quot;fadeIn&quot;}\" data-widget_type=\"divider.default\">\n\t\t\t\t<div class=\"elementor-widget-container\">\n\t\t\t\t\t\t\t<div class=\"elementor-divider\">\n\t\t\t<span class=\"elementor-divider-separator\">\n\t\t\t\t\t\t<\/span>\n\t\t<\/div>\n\t\t\t\t\t\t<\/div>\n\t\t\t\t<\/div>\n\t\t\t\t<div class=\"elementor-element elementor-element-99e98bc elementor-widget__width-initial elementor-invisible elementor-widget elementor-widget-text-editor\" data-id=\"99e98bc\" data-element_type=\"widget\" data-settings=\"{&quot;_animation&quot;:&quot;fadeInDown&quot;,&quot;_animation_delay&quot;:700}\" data-widget_type=\"text-editor.default\">\n\t\t\t\t<div class=\"elementor-widget-container\">\n\t\t\t\t\t\t\t\t\t<p data-start=\"138\" data-end=\"362\">Wir verwenden Cookies, um Ihnen das bestm\u00f6gliche Erlebnis auf unserer Website zu bieten. Cookies helfen uns zu verstehen, wie die Website genutzt wird, um Funktionen zu verbessern, Inhalte zu personalisieren und relevante Werbung gezielt anzuzeigen.<\/p><p data-start=\"138\" data-end=\"362\">Sie entscheiden, welche Arten von Cookies Sie akzeptieren m\u00f6chten \u2013 und k\u00f6nnen Ihre Einstellungen jederzeit \u00e4ndern.<\/p>\t\t\t\t\t\t\t\t<\/div>\n\t\t\t\t<\/div>\n\t\t\t\t<div class=\"elementor-element elementor-element-08846c4 elementor-mobile-align-justify elementor-invisible elementor-widget elementor-widget-button\" data-id=\"08846c4\" data-element_type=\"widget\" data-settings=\"{&quot;_animation&quot;:&quot;fadeIn&quot;,&quot;_animation_delay&quot;:1700}\" data-widget_type=\"button.default\">\n\t\t\t\t<div class=\"elementor-widget-container\">\n\t\t\t\t\t\t\t\t\t<div class=\"elementor-button-wrapper\">\n\t\t\t\t\t<a class=\"elementor-button elementor-button-link elementor-size-sm\" href=\"https:\/\/villamare.dk\/de\/\">\n\t\t\t\t\t\t<span class=\"elementor-button-content-wrapper\">\n\t\t\t\t\t\t\t\t\t<span class=\"elementor-button-text\">Zur\u00fcck zur Startseite<\/span>\n\t\t\t\t\t<\/span>\n\t\t\t\t\t<\/a>\n\t\t\t\t<\/div>\n\t\t\t\t\t\t\t\t<\/div>\n\t\t\t\t<\/div>\n\t\t\t\t<\/div>\n\t\t<div class=\"elementor-element elementor-element-ceaafeb e-con-full elementor-hidden-mobile e-flex e-con e-child\" data-id=\"ceaafeb\" data-element_type=\"container\">\n\t\t\t\t<\/div>\n\t\t\t\t\t<\/div>\n\t\t\t\t<\/div>\n\t\t<div class=\"elementor-element elementor-element-8f4e656 e-flex e-con-boxed e-con e-parent\" data-id=\"8f4e656\" data-element_type=\"container\">\n\t\t\t\t\t<div class=\"e-con-inner\">\n\t\t\t\t<div class=\"elementor-element elementor-element-8571b94 elementor-widget elementor-widget-text-editor\" data-id=\"8571b94\" data-element_type=\"widget\" data-widget_type=\"text-editor.default\">\n\t\t\t\t<div class=\"elementor-widget-container\">\n\t\t\t\t\t\t\t\t\t<p><strong>Nutzung von Cookies<\/strong><\/p><p>Hier k\u00f6nnen Sie die Cookie-Richtlinien von LaMare Nordic ApS beim Besuch von villamare.dk\/de lesen. Mit dem Besuch der Website von LaMare Nordic ApS akzeptieren Sie die folgenden Cookie-Richtlinien.<\/p><p><a href=\"https:\/\/villamare.dk\/de\/privatlivspolitik\/\">Klicken Sie hier, um zur Datenschutzrichtlinie zu gelangen<\/a><\/p><h2>Was ist ein Cookie?<\/h2><p>Ein Cookie ist eine kleine Textdatei, die im Webbrowser Ihres Computers, Smartphones, iPads oder anderen Internetbrowsers gespeichert wird. Cookies erm\u00f6glichen die Identifizierung Ihres Computers usw. und sammeln Informationen \u00fcber Ihr Online-Verhalten, z. B. welche Seiten und Funktionen mit Ihrem Browser aufgerufen werden, und stellen sicher, dass dieser technisch funktioniert. In einigen F\u00e4llen sind Cookies erforderlich, damit eine Website wie vorgesehen funktioniert. Ein Cookie ist statisch und kann keine Computerviren oder andere Schadprogramme verbreiten. Es ist anonym und enth\u00e4lt keine personenbezogenen Daten. Cookies werden von nahezu allen Websites verwendet.<\/p><h2>Arten von Cookies<\/h2><p>Es gibt zwei Arten von Cookies: Sitzungscookies und dauerhafte Cookies. Sitzungscookies werden beim Schlie\u00dfen Ihres Browsers automatisch gel\u00f6scht. Dauerhafte Cookies werden f\u00fcr einen bestimmten Zeitraum auf Ihrem Ger\u00e4t gespeichert und verfallen danach.<\/p><p>Zudem wird zwischen Erstanbieter-Cookies und Drittanbieter-Cookies unterschieden. Erstanbieter-Cookies werden von der von Ihnen besuchten Website gesetzt, Drittanbieter-Cookies werden von einem Drittanbieter gesetzt, der Elemente auf der von Ihnen besuchten Website eingebettet hat. Drittanbieter-Cookies werden unter anderem von Webanalyseprogrammen wie Google Analytics und WebTrends gesetzt.<\/p><p>Diese Cookie-Richtlinie gilt nur f\u00fcr villamare.dk\/de. Beim Anklicken von Funktionen, die zu anderen Websites f\u00fchren, hat LaMare Nordic ApS keine Verantwortung oder Kontrolle dar\u00fcber, welche Cookies verwendet werden.<\/p><h2>Cookies auf villamare.dk\/de<\/h2><p><div class=\"cookie-manager--cookie-table\" data-cookie-declaration=\"\"><\/div><\/p><p>Wenn keine gefunden werden, listen Sie normale Cookies auf<\/p><h2>Wie k\u00f6nnen Sie Cookies vermeiden oder l\u00f6schen?<\/h2><p>Wenn Sie keine Cookies von villamare.dk\/de w\u00fcnschen, k\u00f6nnen Sie jederzeit alle Cookies blockieren, vorhandene Cookies auf Ihrem Computer l\u00f6schen oder eine Warnung erhalten, bevor ein Cookie gespeichert wird. In allen Browsern k\u00f6nnen Sie Cookies einzeln oder alle auf einmal l\u00f6schen. Wie Sie dies tun, h\u00e4ngt von Ihrem Browser ab. Folgen Sie den unten stehenden Links, um Anweisungen f\u00fcr Ihren Browser zu erhalten. Beachten Sie: Wenn Sie mehrere Browser verwenden, m\u00fcssen Sie die Cookies in allen Browsern l\u00f6schen.<\/p><ul><li><a href=\"http:\/\/windows.microsoft.com\/da-DK\/windows-vista\/Delete-your-Internet-cookies\" target=\"_blank\" rel=\"noopener\">Anleitung zum L\u00f6schen von Cookies im Microsoft Internet Explorer<\/a><\/li><li><a href=\"https:\/\/support.apple.com\/kb\/PH17191\" target=\"_blank\" rel=\"noopener\">Anweisungen zum L\u00f6schen von Cookies im Safari-Browser<\/a><\/li><li><a href=\"http:\/\/support.google.com\/chrome\/bin\/answer.py?hl=da&amp;answer=95647\" target=\"_blank\" rel=\"noopener\">Anleitung zum L\u00f6schen von Cookies im Google Chrome-Browser<\/a><\/li><li><a href=\"http:\/\/support.mozilla.org\/da\/kb\/delete-cookies-remove-info-websites-stored?redirectlocale=en-US&amp;redirectslug=Deleting+cookies\" target=\"_blank\" rel=\"noopener\">Anweisungen zum L\u00f6schen von Cookies im Mozilla Firefox-Browser<\/a><\/li><li><a href=\"http:\/\/timeread.hubpages.com\/hub\/How-to-delete-internet-cookies-on-your-Droid-or-any-Android-device\" target=\"_blank\" rel=\"noopener\">Anleitung zum L\u00f6schen von Cookies auf Android-Telefonen<\/a><\/li><li><a href=\"http:\/\/help.opera.com\/Windows\/9.51\/da\/cookies.html\" target=\"_blank\" rel=\"noopener\">Anweisungen zum L\u00f6schen von Cookies im Opera-Browser<\/a><\/li><li><a href=\"http:\/\/support.apple.com\/kb\/HT1677?viewlocale=da_DK\" target=\"_blank\" rel=\"noopener\">Anleitung zum L\u00f6schen von Cookies auf iPad, iPhone, iPod touch<\/a><\/li><li><a href=\"https:\/\/kb.wisc.edu\/page.php?id=24078\" target=\"_blank\" rel=\"noopener\">Anleitung zum L\u00f6schen von Cookies vom Windows Phone<\/a><\/li><\/ul><h2>Was passiert, wenn Sie Cookies nicht akzeptieren oder l\u00f6schen?<\/h2><p>Wenn Sie alle Cookies blockieren oder vorhandene Cookies auf Ihrem Computer l\u00f6schen, k\u00f6nnen Sie den Text auf villamare.dk\/de weiterhin lesen. M\u00f6glicherweise k\u00f6nnen Sie jedoch Funktionen und Dienste nicht nutzen, da die Website Ihre Auswahl speichern muss.<\/p><h2>Regeln<\/h2><p>Die f\u00fcr die Verwendung von Cookies durch LaMare Nordic ApS geltenden Regeln finden Sie unten.<\/p><p><a href=\"https:\/\/www.retsinformation.dk\/Forms\/R0710.aspx?id=139279\" target=\"_blank\" rel=\"noopener\">Cookie-Richtlinien<br \/><\/a><a href=\"https:\/\/www.datatilsynet.dk\/regler-og-vejledning\/cookies-og-lignende-teknologier\" target=\"_blank\" rel=\"noopener\">Cookie-Richtlinie<\/a><\/p><h2>Kontakt<\/h2><p>Bei weiteren Fragen zur Verwendung von Cookies auf villamare.dk\/de k\u00f6nnen Sie uns gerne kontaktieren.<\/p>\t\t\t\t\t\t\t\t<\/div>\n\t\t\t\t<\/div>\n\t\t\t\t\t<\/div>\n\t\t\t\t<\/div>\n\t\t\t\t<\/div>","protected":false},"excerpt":{"rendered":"<p>Cookie-Richtlinie Wir verwenden Cookies, um Ihnen das bestm\u00f6gliche Erlebnis auf unserer Website zu bieten. Cookies helfen uns zu verstehen, wie die Website genutzt wird, damit wir Funktionen verbessern, Inhalte personalisieren und relevante Anzeigen schalten k\u00f6nnen. Sie entscheiden, welche Arten von Cookies Sie akzeptieren m\u00f6chten \u2013 und Sie k\u00f6nnen Ihre Einstellungen jederzeit \u00e4ndern. Gehen Sie [\u2026]<\/p>","protected":false},"author":2,"featured_media":0,"parent":0,"menu_order":0,"comment_status":"closed","ping_status":"closed","template":"","meta":{"footnotes":""},"class_list":["post-178","page","type-page","status-publish","hentry"],"yoast_head":"<!-- This site is optimized with the Yoast SEO plugin v25.4 - https:\/\/yoast.com\/wordpress\/plugins\/seo\/ -->\n<title>Cookiepolitik - LaMare Nordic ApS<\/title>\n<meta name=\"robots\" content=\"index, follow, max-snippet:-1, max-image-preview:large, max-video-preview:-1\" \/>\n<link rel=\"canonical\" href=\"https:\/\/villamare.dk\/de\/cookiepolitik\/\" \/>\n<meta property=\"og:locale\" content=\"de_DE\" \/>\n<meta property=\"og:type\" content=\"article\" \/>\n<meta property=\"og:title\" content=\"Cookiepolitik - LaMare Nordic ApS\" \/>\n<meta property=\"og:description\" content=\"Cookiepolitik Vi bruger cookies for at give dig den bedst mulige oplevelse p\u00e5 vores hjemmeside. Cookies hj\u00e6lper os med at forst\u00e5, hvordan siden bruges, s\u00e5 vi kan forbedre funktioner, personalisere indhold og m\u00e5lrette relevante annoncer. Du bestemmer selv, hvilke typer cookies du vil acceptere \u2013 og du kan til enhver tid \u00e6ndre dine pr\u00e6ferencer. G\u00e5 [&hellip;]\" \/>\n<meta property=\"og:url\" content=\"https:\/\/villamare.dk\/de\/cookiepolitik\/\" \/>\n<meta property=\"og:site_name\" content=\"LaMare Nordic ApS\" \/>\n<meta property=\"article:modified_time\" content=\"2025-07-09T12:00:54+00:00\" \/>\n<meta name=\"twitter:card\" content=\"summary_large_image\" \/>\n<meta name=\"twitter:label1\" content=\"Gesch\u00e4tzte Lesezeit\" \/>\n\t<meta name=\"twitter:data1\" content=\"19\u00a0Minuten\" \/>\n<script type=\"application\/ld+json\" class=\"yoast-schema-graph\">{\"@context\":\"https:\/\/schema.org\",\"@graph\":[{\"@type\":\"WebPage\",\"@id\":\"https:\/\/villamare.dk\/cookiepolitik\/\",\"url\":\"https:\/\/villamare.dk\/cookiepolitik\/\",\"name\":\"Cookiepolitik - LaMare Nordic ApS\",\"isPartOf\":{\"@id\":\"https:\/\/villamare.dk\/#website\"},\"datePublished\":\"2025-05-08T13:03:01+00:00\",\"dateModified\":\"2025-07-09T12:00:54+00:00\",\"breadcrumb\":{\"@id\":\"https:\/\/villamare.dk\/cookiepolitik\/#breadcrumb\"},\"inLanguage\":\"de\",\"potentialAction\":[{\"@type\":\"ReadAction\",\"target\":[\"https:\/\/villamare.dk\/cookiepolitik\/\"]}]},{\"@type\":\"BreadcrumbList\",\"@id\":\"https:\/\/villamare.dk\/cookiepolitik\/#breadcrumb\",\"itemListElement\":[{\"@type\":\"ListItem\",\"position\":1,\"name\":\"Home\",\"item\":\"https:\/\/villamare.dk\/\"},{\"@type\":\"ListItem\",\"position\":2,\"name\":\"Cookiepolitik\"}]},{\"@type\":\"WebSite\",\"@id\":\"https:\/\/villamare.dk\/#website\",\"url\":\"https:\/\/villamare.dk\/\",\"name\":\"LaMare Nordic ApS\",\"description\":\"\",\"publisher\":{\"@id\":\"https:\/\/villamare.dk\/#organization\"},\"potentialAction\":[{\"@type\":\"SearchAction\",\"target\":{\"@type\":\"EntryPoint\",\"urlTemplate\":\"https:\/\/villamare.dk\/?s={search_term_string}\"},\"query-input\":{\"@type\":\"PropertyValueSpecification\",\"valueRequired\":true,\"valueName\":\"search_term_string\"}}],\"inLanguage\":\"de\"},{\"@type\":\"Organization\",\"@id\":\"https:\/\/villamare.dk\/#organization\",\"name\":\"LaMare Nordic ApS\",\"url\":\"https:\/\/villamare.dk\/\",\"logo\":{\"@type\":\"ImageObject\",\"inLanguage\":\"de\",\"@id\":\"https:\/\/villamare.dk\/#\/schema\/logo\/image\/\",\"url\":\"https:\/\/villamare.dk\/wp-content\/uploads\/2024\/10\/Villa-Mare-1.svg\",\"contentUrl\":\"https:\/\/villamare.dk\/wp-content\/uploads\/2024\/10\/Villa-Mare-1.svg\",\"width\":1201,\"height\":332,\"caption\":\"LaMare Nordic ApS\"},\"image\":{\"@id\":\"https:\/\/villamare.dk\/#\/schema\/logo\/image\/\"}}]}<\/script>\n<!-- \/ Yoast SEO plugin. -->","yoast_head_json":{"title":"Cookiepolitik - LaMare Nordic ApS","robots":{"index":"index","follow":"follow","max-snippet":"max-snippet:-1","max-image-preview":"max-image-preview:large","max-video-preview":"max-video-preview:-1"},"canonical":"https:\/\/villamare.dk\/de\/cookiepolitik\/","og_locale":"de_DE","og_type":"article","og_title":"Cookiepolitik - LaMare Nordic ApS","og_description":"Cookiepolitik Vi bruger cookies for at give dig den bedst mulige oplevelse p\u00e5 vores hjemmeside. Cookies hj\u00e6lper os med at forst\u00e5, hvordan siden bruges, s\u00e5 vi kan forbedre funktioner, personalisere indhold og m\u00e5lrette relevante annoncer. Du bestemmer selv, hvilke typer cookies du vil acceptere \u2013 og du kan til enhver tid \u00e6ndre dine pr\u00e6ferencer. G\u00e5 [&hellip;]","og_url":"https:\/\/villamare.dk\/de\/cookiepolitik\/","og_site_name":"LaMare Nordic ApS","article_modified_time":"2025-07-09T12:00:54+00:00","twitter_card":"summary_large_image","twitter_misc":{"Gesch\u00e4tzte Lesezeit":"19\u00a0Minuten"},"schema":{"@context":"https:\/\/schema.org","@graph":[{"@type":"WebPage","@id":"https:\/\/villamare.dk\/cookiepolitik\/","url":"https:\/\/villamare.dk\/cookiepolitik\/","name":"Cookiepolitik - LaMare Nordic ApS","isPartOf":{"@id":"https:\/\/villamare.dk\/#website"},"datePublished":"2025-05-08T13:03:01+00:00","dateModified":"2025-07-09T12:00:54+00:00","breadcrumb":{"@id":"https:\/\/villamare.dk\/cookiepolitik\/#breadcrumb"},"inLanguage":"de","potentialAction":[{"@type":"ReadAction","target":["https:\/\/villamare.dk\/cookiepolitik\/"]}]},{"@type":"BreadcrumbList","@id":"https:\/\/villamare.dk\/cookiepolitik\/#breadcrumb","itemListElement":[{"@type":"ListItem","position":1,"name":"Home","item":"https:\/\/villamare.dk\/"},{"@type":"ListItem","position":2,"name":"Cookiepolitik"}]},{"@type":"WebSite","@id":"https:\/\/villamare.dk\/#website","url":"https:\/\/villamare.dk\/","name":"LaMare Nordic ApS","description":"","publisher":{"@id":"https:\/\/villamare.dk\/#organization"},"potentialAction":[{"@type":"SearchAction","target":{"@type":"EntryPoint","urlTemplate":"https:\/\/villamare.dk\/?s={search_term_string}"},"query-input":{"@type":"PropertyValueSpecification","valueRequired":true,"valueName":"search_term_string"}}],"inLanguage":"de"},{"@type":"Organization","@id":"https:\/\/villamare.dk\/#organization","name":"LaMare Nordic ApS","url":"https:\/\/villamare.dk\/","logo":{"@type":"ImageObject","inLanguage":"de","@id":"https:\/\/villamare.dk\/#\/schema\/logo\/image\/","url":"https:\/\/villamare.dk\/wp-content\/uploads\/2024\/10\/Villa-Mare-1.svg","contentUrl":"https:\/\/villamare.dk\/wp-content\/uploads\/2024\/10\/Villa-Mare-1.svg","width":1201,"height":332,"caption":"LaMare Nordic ApS"},"image":{"@id":"https:\/\/villamare.dk\/#\/schema\/logo\/image\/"}}]}},"_links":{"self":[{"href":"https:\/\/villamare.dk\/de\/wp-json\/wp\/v2\/pages\/178","targetHints":{"allow":["GET"]}}],"collection":[{"href":"https:\/\/villamare.dk\/de\/wp-json\/wp\/v2\/pages"}],"about":[{"href":"https:\/\/villamare.dk\/de\/wp-json\/wp\/v2\/types\/page"}],"author":[{"embeddable":true,"href":"https:\/\/villamare.dk\/de\/wp-json\/wp\/v2\/users\/2"}],"replies":[{"embeddable":true,"href":"https:\/\/villamare.dk\/de\/wp-json\/wp\/v2\/comments?post=178"}],"version-history":[{"count":28,"href":"https:\/\/villamare.dk\/de\/wp-json\/wp\/v2\/pages\/178\/revisions"}],"predecessor-version":[{"id":2353,"href":"https:\/\/villamare.dk\/de\/wp-json\/wp\/v2\/pages\/178\/revisions\/2353"}],"wp:attachment":[{"href":"https:\/\/villamare.dk\/de\/wp-json\/wp\/v2\/media?parent=178"}],"curies":[{"name":"wp","href":"https:\/\/api.w.org\/{rel}","templated":true}]}}