{"id":179,"date":"2025-05-08T15:03:12","date_gmt":"2025-05-08T13:03:12","guid":{"rendered":"https:\/\/villamare.dk\/?page_id=179"},"modified":"2025-07-09T14:01:29","modified_gmt":"2025-07-09T12:01:29","slug":"privatlivspolitik","status":"publish","type":"page","link":"https:\/\/villamare.dk\/de\/privatlivspolitik\/","title":{"rendered":"Datenschutzrichtlinie"},"content":{"rendered":"<div data-elementor-type=\"wp-page\" data-elementor-id=\"179\" class=\"elementor elementor-179\" data-elementor-post-type=\"page\">\n\t\t\t\t<div class=\"elementor-element elementor-element-b9d3015 e-flex e-con-boxed e-con e-parent\" data-id=\"b9d3015\" data-element_type=\"container\" data-settings=\"{&quot;background_background&quot;:&quot;slideshow&quot;,&quot;background_slideshow_gallery&quot;:[{&quot;id&quot;:302,&quot;url&quot;:&quot;https:\\\/\\\/villamare.dk\\\/wp-content\\\/uploads\\\/2025\\\/06\\\/baadlys-scaled.jpg&quot;}],&quot;background_slideshow_transition_duration&quot;:1000,&quot;background_slideshow_slide_transition&quot;:&quot;slide_right&quot;,&quot;background_slideshow_loop&quot;:&quot;yes&quot;,&quot;background_slideshow_slide_duration&quot;:5000}\">\n\t\t\t\t\t<div class=\"e-con-inner\">\n\t\t<div class=\"elementor-element elementor-element-eea3773 e-con-full e-flex e-con e-child\" data-id=\"eea3773\" data-element_type=\"container\">\n\t\t\t\t<div class=\"elementor-element elementor-element-318b0ec elementor-widget__width-initial elementor-invisible elementor-widget elementor-widget-heading\" data-id=\"318b0ec\" data-element_type=\"widget\" data-settings=\"{&quot;_animation&quot;:&quot;fadeInUp&quot;,&quot;_animation_delay&quot;:250}\" data-widget_type=\"heading.default\">\n\t\t\t\t<div class=\"elementor-widget-container\">\n\t\t\t\t\t<h1 class=\"elementor-heading-title elementor-size-default\">Datenschutzrichtlinie<\/h1>\t\t\t\t<\/div>\n\t\t\t\t<\/div>\n\t\t\t\t<div class=\"elementor-element elementor-element-3e28a5c elementor-widget-divider--view-line elementor-invisible elementor-widget elementor-widget-divider\" data-id=\"3e28a5c\" data-element_type=\"widget\" data-settings=\"{&quot;_animation&quot;:&quot;fadeIn&quot;}\" data-widget_type=\"divider.default\">\n\t\t\t\t<div class=\"elementor-widget-container\">\n\t\t\t\t\t\t\t<div class=\"elementor-divider\">\n\t\t\t<span class=\"elementor-divider-separator\">\n\t\t\t\t\t\t<\/span>\n\t\t<\/div>\n\t\t\t\t\t\t<\/div>\n\t\t\t\t<\/div>\n\t\t\t\t<div class=\"elementor-element elementor-element-4a20ec8 elementor-widget__width-initial elementor-invisible elementor-widget elementor-widget-text-editor\" data-id=\"4a20ec8\" data-element_type=\"widget\" data-settings=\"{&quot;_animation&quot;:&quot;fadeInDown&quot;,&quot;_animation_delay&quot;:700}\" data-widget_type=\"text-editor.default\">\n\t\t\t\t<div class=\"elementor-widget-container\">\n\t\t\t\t\t\t\t\t\t<p data-start=\"171\" data-end=\"301\">Ihr Vertrauen ist uns wichtig. Deshalb nehmen wir Ihre Privatsph\u00e4re ernst und behandeln Ihre pers\u00f6nlichen Daten mit Respekt und Sorgfalt.<\/p><p data-start=\"303\" data-end=\"487\">Auf dieser Seite erfahren Sie, welche Informationen wir sammeln, warum wir dies tun und wie wir sie sch\u00fctzen. Sie erhalten au\u00dferdem Einblick in Ihre Rechte und wie Sie diese aus\u00fcben k\u00f6nnen.<\/p>\t\t\t\t\t\t\t\t<\/div>\n\t\t\t\t<\/div>\n\t\t\t\t<div class=\"elementor-element elementor-element-1fb28ad elementor-mobile-align-justify elementor-invisible elementor-widget elementor-widget-button\" data-id=\"1fb28ad\" data-element_type=\"widget\" data-settings=\"{&quot;_animation&quot;:&quot;fadeIn&quot;,&quot;_animation_delay&quot;:1700}\" data-widget_type=\"button.default\">\n\t\t\t\t<div class=\"elementor-widget-container\">\n\t\t\t\t\t\t\t\t\t<div class=\"elementor-button-wrapper\">\n\t\t\t\t\t<a class=\"elementor-button elementor-button-link elementor-size-sm\" href=\"https:\/\/villamare.dk\/de\/\">\n\t\t\t\t\t\t<span class=\"elementor-button-content-wrapper\">\n\t\t\t\t\t\t\t\t\t<span class=\"elementor-button-text\">Zur\u00fcck zur Startseite<\/span>\n\t\t\t\t\t<\/span>\n\t\t\t\t\t<\/a>\n\t\t\t\t<\/div>\n\t\t\t\t\t\t\t\t<\/div>\n\t\t\t\t<\/div>\n\t\t\t\t<\/div>\n\t\t<div class=\"elementor-element elementor-element-0fbd80b e-con-full elementor-hidden-mobile e-flex e-con e-child\" data-id=\"0fbd80b\" data-element_type=\"container\">\n\t\t\t\t<\/div>\n\t\t\t\t\t<\/div>\n\t\t\t\t<\/div>\n\t\t<div class=\"elementor-element elementor-element-f790268 e-flex e-con-boxed e-con e-parent\" data-id=\"f790268\" data-element_type=\"container\">\n\t\t\t\t\t<div class=\"e-con-inner\">\n\t\t\t\t<div class=\"elementor-element elementor-element-b7aa9b5 elementor-widget elementor-widget-text-editor\" data-id=\"b7aa9b5\" data-element_type=\"widget\" data-widget_type=\"text-editor.default\">\n\t\t\t\t<div class=\"elementor-widget-container\">\n\t\t\t\t\t\t\t\t\t<p>Durch die Nutzung von villamare.dk\/de erkl\u00e4ren Sie sich damit einverstanden, dass LaMare Nordic ApS Ihre personenbezogenen Daten und Cookies gem\u00e4\u00df der unten stehenden Daten- und Cookie-Richtlinie verarbeitet. Cookies werden verwendet, um villamare.dk\/de funktionsf\u00e4hig zu machen. Wir verwenden Cookies, um das Hinzuf\u00fcgen von Artikeln zum Warenkorb, das Anmelden und die Verbesserung unserer Website zu erm\u00f6glichen.<\/p><p><a href=\"\/de\/cookiepolitik\/\">Klicken Sie hier, um zur Cookie-Richtlinie zu gelangen<\/a><\/p><h2>Kurz \u00fcber Datenschutz und personenbezogene Daten<\/h2><p>Diese Datenschutz- und Datenschutzrichtlinie wurde zusammengefasst, um Sie als Kunden besser dar\u00fcber zu informieren, welche personenbezogenen Daten LaMare Nordic ApS verarbeitet und wie wir sie verarbeiten. Unter personenbezogenen Daten sind alle pers\u00f6nlich identifizierbaren Daten zu verstehen.<\/p><p>LaMare Nordic ApS respektiert alle Anfragen zur Vertraulichkeit online \u00fcbermittelter personenbezogener Daten und ist sich der Notwendigkeit eines angemessenen Schutzes und einer verantwortungsvollen Verarbeitung aller personenbezogenen Daten, die wir erhalten, bewusst.<\/p><p>Wenn die nachstehende Datenschutzrichtlinie nicht akzeptiert werden kann, beh\u00e4lt sich LaMare Nordic ApS das Recht vor, Bestellungen und andere Anfragen abzulehnen, da eine Nichtakzeptanz dazu f\u00fchren kann, dass LaMare Nordic ApS die Gesch\u00e4ftsbeziehung nicht weiterf\u00fchren kann, was ansonsten gem\u00e4\u00df der geltenden Gesetzgebung erforderlich ist.<\/p><h2>Pers\u00f6nliche Informationen<\/h2><p>Unter personenbezogenen Daten sind alle Daten zu verstehen, die zur Identifizierung einer Person verwendet werden k\u00f6nnen. Dazu geh\u00f6ren insbesondere Vor- und Nachname, Alter, Geschlecht, Position, Wohn- oder sonstige physische Adresse, E-Mail-Adresse oder sonstige Kontaktinformationen, unabh\u00e4ngig davon, ob sie sich auf den privaten Wohnsitz oder Arbeitsplatz der Person beziehen.<\/p><p>Ebenso umfassen personenbezogene Daten auch Daten wie Verhalten, Kaufhistorie, Finanzinformationen usw., die alle zur Aufrechterhaltung der Kunden- und Lieferantenbeziehung zwischen Kunden und LaMare Nordic ApS verwendet werden.<\/p><h2>Welche personenbezogenen Daten erheben und verarbeiten wir?<\/h2><p>Sie k\u00f6nnen villamare.dk\/de aufrufen, ohne uns Ihre personenbezogenen Daten mitzuteilen. Beim Aufruf der Website erhalten Sie eine Sitzungs-ID. Diese kann Sie nicht als Person identifizieren.<\/p><p>LaMare Nordic ApS ben\u00f6tigt eine Reihe personenbezogener Daten, um mit Ihnen und Ihrem Unternehmen Gesch\u00e4fte abwickeln, den Kundenservice gew\u00e4hrleisten und Produkte und Dienstleistungen vermarkten zu k\u00f6nnen. Bestimmte Informationen werden auch gem\u00e4\u00df den gesetzlichen Bestimmungen des Geldw\u00e4sche- und Rechnungslegungsgesetzes erhoben und verarbeitet.<\/p><p>Wenn Sie villamare.dk\/de besuchen, k\u00f6nnen die folgenden Informationen erfasst und verarbeitet werden:<br \/>E-Mail-Adresse, Vor- und Nachname, Adresse, Telefonnummer, Alter, Geschlecht, technische Details (einschlie\u00dflich IP-Adressen), Verhalten (einschlie\u00dflich: besuchte URLs, Ereignisausl\u00f6ser, Aktionen wie Klicks, \u00d6ffnungsraten, Anmeldungen, Zeit auf jeder Seite usw.), geografische Daten und Daten, die m\u00f6glicherweise zum Abschlie\u00dfen einer Transaktion erforderlich sind.<\/p><h2>LaMare Nordic ApS sammelt und verarbeitet Informationen \u00fcber Sie, wenn Sie:<\/h2><ul><li>Erstellen eines Kontos<\/li><li>Einen Kauf t\u00e4tigen<\/li><li>Senden Sie Anfragen, Beschwerden und\/oder interagieren Sie auf andere Weise mit LaMare Nordic ApS<\/li><li>Melden Sie sich f\u00fcr Online-Marketingmaterialien an und\/oder interagieren Sie mit diesen (einschlie\u00dflich, aber nicht beschr\u00e4nkt auf Newsletter, Text- und E-Mail-Benachrichtigungen, Werbung auf Websites von Drittanbietern oder \u00c4hnliches).<\/li><li>Stellt personenbezogene Daten auf andere Weise an LaMare Nordic ApS bereit<\/li><\/ul><p>LaMare Nordic ApS erhebt ausschlie\u00dflich die personenbezogenen Daten, die f\u00fcr die Bereitstellung von Dienstleistungen oder Produkten, die Vermarktung von Dienstleistungen und Produkten oder die Bearbeitung von Anfragen erforderlich sind. LaMare Nordic ApS erhebt und\/oder kauft keine personenbezogenen Daten von Dritten. LaMare Nordic ApS nutzt anerkannte Kartenanbieter f\u00fcr die Abwicklung von Online-Kartentransaktionen und speichert keine Zahlungskartendaten. Bitte beachten Sie, dass bei der Rechnungsstellung Abrechnungs- und Bankdaten gem\u00e4\u00df den geltenden Gesetzen, einschlie\u00dflich des Geldw\u00e4sche- und Rechnungslegungsgesetzes, gespeichert werden.<\/p><h2>Wie verwenden wir Ihre Informationen?<\/h2><p>Wir k\u00f6nnen die gesammelten Informationen auf folgende Weise verwenden:<\/p><ul><li>Um Ihr Erlebnis per E-Mail und auf der Website durch personalisierte Empfehlungen auf Grundlage der Kaufhistorie zu personalisieren<\/li><li>Zur Verbesserung von villamare.dk\/de und des Marketings von LaMare Nordic ApS<\/li><li>Um Sie bei der Kontaktaufnahme mit dem Kundendienst besser bedienen zu k\u00f6nnen<\/li><li>Zur Durchf\u00fchrung von Wettbewerben, Kundenbefragungen etc.<\/li><li>Um Ihre Bestellungen schnellstm\u00f6glich abzuwickeln<\/li><li>Um Produkt- und Trustpilot-Bewertungen zu erhalten<\/li><li>Zur Nachverfolgung von Anfragen<\/li><li>F\u00fcr allgemeines Marketing<\/li><\/ul><h2>Wie sch\u00fctzen wir Ihre Daten?<\/h2><p>Unsere Website wird kontinuierlich auf Sicherheitsl\u00fccken und Schwachstellen gepr\u00fcft, um m\u00f6gliche Datenlecks fr\u00fchzeitig auszuschlie\u00dfen und unsere Website so sicher wie m\u00f6glich zu gestalten. Wir f\u00fchren au\u00dferdem regelm\u00e4\u00dfig einen Scan auf Schadsoftware durch.<\/p><p>Ihre personenbezogenen Daten werden in gesicherten Netzwerken gespeichert und sind nur einer begrenzten Anzahl von Mitarbeitern mit entsprechenden Rechten zug\u00e4nglich. Dies unterliegt zudem unserer Datenschutzrichtlinie, die Ihre Rechte sch\u00fctzt und die Einhaltung der geltenden Gesetze gew\u00e4hrleistet.<\/p><p>Dar\u00fcber hinaus werden alle sensiblen und Zahlungsinformationen auf verschl\u00fcsselten Servern verarbeitet, auf die von au\u00dfen nicht zugegriffen werden kann. Kreditkarteninformationen werden von Karteninhabern verarbeitet und sind weder f\u00fcr LaMare Nordic ApS noch f\u00fcr deren Mitarbeiter zug\u00e4nglich. Diese Transaktionen werden nicht auf internen Servern gespeichert und zu keinem Zeitpunkt von LaMare Nordic ApS selbst verarbeitet.<\/p><h2>Wem geben wir personenbezogene Daten weiter?<\/h2><p>Pers\u00f6nliche Informationen, die auf villamare.dk\/de oder per Telefonkontakt bereitgestellt werden, werden nur weitergegeben an:<\/p><ul><li>Interne Abteilungen \/ Mitarbeiter<\/li><li>Vertrauensw\u00fcrdige Dritte, die f\u00fcr die Erf\u00fcllung von Liefer-, Zahlungs- und Servicevereinbarungen erforderlich sind, einschlie\u00dflich Inkassounternehmen und juristische Personen<\/li><li>Gesch\u00e4ftspartner zum Zweck der Kontof\u00fchrung und\/oder f\u00fcr Marketingzwecke.<\/li><\/ul><p>Um Ihnen das bestm\u00f6gliche Erlebnis auf den Websites von LaMare Nordic ApS zu bieten, f\u00fchren wir Statistiken dar\u00fcber, wie Nutzer die Seiten nutzen. Die Statistiken werden ausschlie\u00dflich in anonymisierter Form verwendet, um beispielsweise zu sehen, mit welchen Seiten und Inhalten Nutzer interagieren.<\/p><p>LaMare Nordic ApS kann Google Analytics zur Erhebung von Besucherstatistiken verwenden und in diesem Zusammenhang IP-Adressen an Google Analytics weitergeben. Die Datenschutzbestimmungen f\u00fcr Google Analytics werden beim Besuch von villamare.dk\/de akzeptiert und sind hier zu finden:<a href=\"https:\/\/privacy.google.com\/\" target=\"_blank\" rel=\"noopener\">www.google.com\/privacy<\/a><\/p><p>LaMare Nordic ApS und alle Gesch\u00e4ftspartner und Lieferanten verf\u00fcgen \u00fcber eine Datenverarbeitungsvereinbarung, um die Interessen der Nutzer und Kunden jederzeit zu wahren. Diese Vereinbarungen k\u00f6nnen jederzeit auf Anfrage vorgelegt werden.<\/p><h2>Wo werden Ihre personenbezogenen Daten gespeichert?<\/h2><p>Ihre Daten werden auf Servern in der EU gespeichert. Einige personenbezogene Daten werden von einem Drittanbieter (Auftragsverarbeiter) verwaltet, der personenbezogene Daten bei LaMare Nordic ApSvegne gem\u00e4\u00df dieser Datenschutzrichtlinie und den geltenden Datenschutzgesetzen speichert und verarbeitet.<\/p><p>Wenn Sie sich jederzeit von unseren Newslettern abmelden m\u00f6chten, folgen Sie den Anweisungen am Ende jeder E-Mail. Sollten Sie Probleme bei der Abmeldung haben, k\u00f6nnen Sie sich gerne an unseren Kundenservice unter den unten angegebenen Kontaktdaten wenden.<\/p><p>Wenn Sie sich vom Marketing von LaMare Nordic ApS abmelden, werden alle Verpflichtungen, die Sie uns gegen\u00fcber eingegangen sind, gel\u00f6scht. Diese k\u00f6nnen nicht wiederhergestellt werden. Sollten Sie zu irgendeinem Zeitpunkt Einblick in unsere fr\u00fcheren Zusendungen, Angebote oder \u00c4hnliches w\u00fcnschen, weisen wir Sie darauf hin, dass diese nicht wiederhergestellt werden k\u00f6nnen.<\/p><h2>Wie lange werden Ihre personenbezogenen Daten gespeichert?<\/h2><p>Im Falle einer aktiven Kundenbeziehung werden Ihre Daten so lange gespeichert, wie es f\u00fcr die Erbringung unserer Dienstleistungen erforderlich ist. Nach Beendigung der Kundenbeziehung werden Ihre Daten je nach Art der Daten bis zu zwei Jahre gespeichert.<\/p><p>Sie k\u00f6nnen jederzeit den Zugriff auf Ihre Daten oder deren L\u00f6schung verlangen. Andere Gesetze (das d\u00e4nische Rechnungslegungs- bzw. Geldw\u00e4schegesetz) schreiben vor, dass alle Transaktionsdaten, einschlie\u00dflich Kontakt- und Unternehmensinformationen, f\u00fcnf Jahre lang gespeichert werden m\u00fcssen.<\/p><h2>Datenleck<\/h2><p>Wir nehmen Sicherheitsverletzungen und Datenlecks sehr ernst. Bei Verdacht auf ein Datenleck von den internen Servern von LaMare Nordic ApS oder von externen Partnern werden verschiedene Ma\u00dfnahmen ergriffen, um den bestm\u00f6glichen Schutz unserer Kunden und Nutzer zu gew\u00e4hrleisten.<\/p><p>Hierzu geh\u00f6ren unter anderem die Ermittlung des Ausma\u00dfes des potenziellen Schadens, die Benachrichtigung potenziell betroffener Kunden und Benutzer, die Benachrichtigung der d\u00e4nischen Datenschutzbeh\u00f6rde und Ma\u00dfnahmen zur Eind\u00e4mmung des Schadensausma\u00dfes.<\/p><p>Wenn wir einen Datenverlust bei LaMare Nordic ApS oder seinen externen Partnern vermuten, werden alle Beteiligten, einschlie\u00dflich des Nutzers, innerhalb von 72 Stunden informiert. Wenn Sie vermuten, dass Ihre Daten bei LaMare Nordic ApS verloren gegangen sind, kontaktieren Sie uns bitte jederzeit.<\/p><h2>Zugang zu Informationen<\/h2><p>Sie k\u00f6nnen Ihre Kontoinformationen und Interessensgebiete jederzeit \u00e4ndern und beispielsweise angeben, ob Sie von uns im Zusammenhang mit Angeboten f\u00fcr Waren oder Dienstleistungen kontaktiert werden m\u00f6chten oder ob Sie sich vom Newsletter abmelden m\u00f6chten.<\/p><p>Sie k\u00f6nnen Auskunft dar\u00fcber erhalten, welche Informationen wir \u00fcber Sie gespeichert haben. Wenn Sie eine Kopie dieser Informationen erhalten m\u00f6chten, kontaktieren Sie uns bitte.<\/p><p>Wenn Sie m\u00f6chten, dass alle Daten gel\u00f6scht werden, kontaktieren Sie uns bitte.<\/p><p>Bitte beachten Sie: Sobald alle Daten gel\u00f6scht sind, k\u00f6nnen diese nicht wiederhergestellt werden. Daten, die gesetzlich aufbewahrungspflichtig sind, k\u00f6nnen auf Wunsch nicht gel\u00f6scht werden.<\/p><h2>Revision<\/h2><p>Wir \u00fcberpr\u00fcfen unsere Datenverarbeitungsprozesse kontinuierlich. Diese Richtlinie wird einmal j\u00e4hrlich aktualisiert.<\/p><h2>Kontakt, \u00c4nderung und Aktualisierung der Datenschutzrichtlinie<\/h2><p>LaMare Nordic ApS verpflichtet sich, die gesetzlichen Anforderungen zum Schutz der Privatsph\u00e4re kontinuierlich einzuhalten.<\/p><p>Wenn Sie Fragen oder Anmerkungen zu unserer Datenpolitik oder zur Verwendung Ihrer personenbezogenen Daten haben, wenden Sie sich bitte an unseren Kundenservice.<\/p><p>Wenn Sie unseren Newsletter jederzeit abbestellen m\u00f6chten, folgen Sie den Anweisungen am Ende jeder E-Mail. Sollten Sie Probleme bei der Abmeldung haben, k\u00f6nnen Sie sich \u00fcber die unten angegebenen Kontaktdaten an unseren Kundenservice wenden.<\/p><p>Wenn Sie sich vom Marketing von LaMare Nordic ApS abmelden, werden alle Verpflichtungen, die Sie uns gegen\u00fcber eingegangen sind, gel\u00f6scht. Diese k\u00f6nnen nicht wiederhergestellt werden. Sollten Sie zu irgendeinem Zeitpunkt Einblick in unsere fr\u00fcheren Zusendungen, Angebote oder \u00c4hnliches w\u00fcnschen, weisen wir Sie darauf hin, dass diese nicht wiederhergestellt werden k\u00f6nnen.<\/p>\t\t\t\t\t\t\t\t<\/div>\n\t\t\t\t<\/div>\n\t\t\t\t\t<\/div>\n\t\t\t\t<\/div>\n\t\t\t\t<\/div>","protected":false},"excerpt":{"rendered":"<p>Datenschutzerkl\u00e4rung Ihr Vertrauen ist uns wichtig. Deshalb nehmen wir Ihre Privatsph\u00e4re ernst und behandeln Ihre personenbezogenen Daten mit Respekt und Sorgfalt. Auf dieser Seite erfahren Sie, welche Informationen wir sammeln, warum wir dies tun und wie wir sie sch\u00fctzen. Sie erhalten au\u00dferdem Einblick in Ihre Rechte und wie Sie diese aus\u00fcben k\u00f6nnen. [\u2026]<\/p>","protected":false},"author":2,"featured_media":0,"parent":0,"menu_order":0,"comment_status":"closed","ping_status":"closed","template":"","meta":{"footnotes":""},"class_list":["post-179","page","type-page","status-publish","hentry"],"yoast_head":"<!-- This site is optimized with the Yoast SEO plugin v25.4 - https:\/\/yoast.com\/wordpress\/plugins\/seo\/ -->\n<title>Privatlivspolitik - LaMare Nordic ApS<\/title>\n<meta name=\"robots\" content=\"index, follow, max-snippet:-1, max-image-preview:large, max-video-preview:-1\" \/>\n<link rel=\"canonical\" href=\"https:\/\/villamare.dk\/de\/privatlivspolitik\/\" \/>\n<meta property=\"og:locale\" content=\"de_DE\" \/>\n<meta property=\"og:type\" content=\"article\" \/>\n<meta property=\"og:title\" content=\"Privatlivspolitik - LaMare Nordic ApS\" \/>\n<meta property=\"og:description\" content=\"Privatlivspolitik Din tillid er vigtig for os. Derfor tager vi dit privatliv alvorligt og behandler dine personoplysninger med respekt og omtanke. P\u00e5 denne side kan du l\u00e6se, hvilke oplysninger vi indsamler, hvorfor vi g\u00f8r det, og hvordan vi beskytter dem. Du f\u00e5r ogs\u00e5 indsigt i dine rettigheder, og hvordan du kan g\u00f8re brug af dem. [&hellip;]\" \/>\n<meta property=\"og:url\" content=\"https:\/\/villamare.dk\/de\/privatlivspolitik\/\" \/>\n<meta property=\"og:site_name\" content=\"LaMare Nordic ApS\" \/>\n<meta property=\"article:modified_time\" content=\"2025-07-09T12:01:29+00:00\" \/>\n<meta name=\"twitter:card\" content=\"summary_large_image\" \/>\n<meta name=\"twitter:label1\" content=\"Gesch\u00e4tzte Lesezeit\" \/>\n\t<meta name=\"twitter:data1\" content=\"8\u00a0Minuten\" \/>\n<script type=\"application\/ld+json\" class=\"yoast-schema-graph\">{\"@context\":\"https:\/\/schema.org\",\"@graph\":[{\"@type\":\"WebPage\",\"@id\":\"https:\/\/villamare.dk\/privatlivspolitik\/\",\"url\":\"https:\/\/villamare.dk\/privatlivspolitik\/\",\"name\":\"Privatlivspolitik - LaMare Nordic ApS\",\"isPartOf\":{\"@id\":\"https:\/\/villamare.dk\/#website\"},\"datePublished\":\"2025-05-08T13:03:12+00:00\",\"dateModified\":\"2025-07-09T12:01:29+00:00\",\"breadcrumb\":{\"@id\":\"https:\/\/villamare.dk\/privatlivspolitik\/#breadcrumb\"},\"inLanguage\":\"de\",\"potentialAction\":[{\"@type\":\"ReadAction\",\"target\":[\"https:\/\/villamare.dk\/privatlivspolitik\/\"]}]},{\"@type\":\"BreadcrumbList\",\"@id\":\"https:\/\/villamare.dk\/privatlivspolitik\/#breadcrumb\",\"itemListElement\":[{\"@type\":\"ListItem\",\"position\":1,\"name\":\"Home\",\"item\":\"https:\/\/villamare.dk\/\"},{\"@type\":\"ListItem\",\"position\":2,\"name\":\"Privatlivspolitik\"}]},{\"@type\":\"WebSite\",\"@id\":\"https:\/\/villamare.dk\/#website\",\"url\":\"https:\/\/villamare.dk\/\",\"name\":\"LaMare Nordic ApS\",\"description\":\"\",\"publisher\":{\"@id\":\"https:\/\/villamare.dk\/#organization\"},\"potentialAction\":[{\"@type\":\"SearchAction\",\"target\":{\"@type\":\"EntryPoint\",\"urlTemplate\":\"https:\/\/villamare.dk\/?s={search_term_string}\"},\"query-input\":{\"@type\":\"PropertyValueSpecification\",\"valueRequired\":true,\"valueName\":\"search_term_string\"}}],\"inLanguage\":\"de\"},{\"@type\":\"Organization\",\"@id\":\"https:\/\/villamare.dk\/#organization\",\"name\":\"LaMare Nordic ApS\",\"url\":\"https:\/\/villamare.dk\/\",\"logo\":{\"@type\":\"ImageObject\",\"inLanguage\":\"de\",\"@id\":\"https:\/\/villamare.dk\/#\/schema\/logo\/image\/\",\"url\":\"https:\/\/villamare.dk\/wp-content\/uploads\/2024\/10\/Villa-Mare-1.svg\",\"contentUrl\":\"https:\/\/villamare.dk\/wp-content\/uploads\/2024\/10\/Villa-Mare-1.svg\",\"width\":1201,\"height\":332,\"caption\":\"LaMare Nordic ApS\"},\"image\":{\"@id\":\"https:\/\/villamare.dk\/#\/schema\/logo\/image\/\"}}]}<\/script>\n<!-- \/ Yoast SEO plugin. -->","yoast_head_json":{"title":"Privatlivspolitik - LaMare Nordic ApS","robots":{"index":"index","follow":"follow","max-snippet":"max-snippet:-1","max-image-preview":"max-image-preview:large","max-video-preview":"max-video-preview:-1"},"canonical":"https:\/\/villamare.dk\/de\/privatlivspolitik\/","og_locale":"de_DE","og_type":"article","og_title":"Privatlivspolitik - LaMare Nordic ApS","og_description":"Privatlivspolitik Din tillid er vigtig for os. Derfor tager vi dit privatliv alvorligt og behandler dine personoplysninger med respekt og omtanke. P\u00e5 denne side kan du l\u00e6se, hvilke oplysninger vi indsamler, hvorfor vi g\u00f8r det, og hvordan vi beskytter dem. Du f\u00e5r ogs\u00e5 indsigt i dine rettigheder, og hvordan du kan g\u00f8re brug af dem. [&hellip;]","og_url":"https:\/\/villamare.dk\/de\/privatlivspolitik\/","og_site_name":"LaMare Nordic ApS","article_modified_time":"2025-07-09T12:01:29+00:00","twitter_card":"summary_large_image","twitter_misc":{"Gesch\u00e4tzte Lesezeit":"8\u00a0Minuten"},"schema":{"@context":"https:\/\/schema.org","@graph":[{"@type":"WebPage","@id":"https:\/\/villamare.dk\/privatlivspolitik\/","url":"https:\/\/villamare.dk\/privatlivspolitik\/","name":"Privatlivspolitik - LaMare Nordic ApS","isPartOf":{"@id":"https:\/\/villamare.dk\/#website"},"datePublished":"2025-05-08T13:03:12+00:00","dateModified":"2025-07-09T12:01:29+00:00","breadcrumb":{"@id":"https:\/\/villamare.dk\/privatlivspolitik\/#breadcrumb"},"inLanguage":"de","potentialAction":[{"@type":"ReadAction","target":["https:\/\/villamare.dk\/privatlivspolitik\/"]}]},{"@type":"BreadcrumbList","@id":"https:\/\/villamare.dk\/privatlivspolitik\/#breadcrumb","itemListElement":[{"@type":"ListItem","position":1,"name":"Home","item":"https:\/\/villamare.dk\/"},{"@type":"ListItem","position":2,"name":"Privatlivspolitik"}]},{"@type":"WebSite","@id":"https:\/\/villamare.dk\/#website","url":"https:\/\/villamare.dk\/","name":"LaMare Nordic ApS","description":"","publisher":{"@id":"https:\/\/villamare.dk\/#organization"},"potentialAction":[{"@type":"SearchAction","target":{"@type":"EntryPoint","urlTemplate":"https:\/\/villamare.dk\/?s={search_term_string}"},"query-input":{"@type":"PropertyValueSpecification","valueRequired":true,"valueName":"search_term_string"}}],"inLanguage":"de"},{"@type":"Organization","@id":"https:\/\/villamare.dk\/#organization","name":"LaMare Nordic ApS","url":"https:\/\/villamare.dk\/","logo":{"@type":"ImageObject","inLanguage":"de","@id":"https:\/\/villamare.dk\/#\/schema\/logo\/image\/","url":"https:\/\/villamare.dk\/wp-content\/uploads\/2024\/10\/Villa-Mare-1.svg","contentUrl":"https:\/\/villamare.dk\/wp-content\/uploads\/2024\/10\/Villa-Mare-1.svg","width":1201,"height":332,"caption":"LaMare Nordic ApS"},"image":{"@id":"https:\/\/villamare.dk\/#\/schema\/logo\/image\/"}}]}},"_links":{"self":[{"href":"https:\/\/villamare.dk\/de\/wp-json\/wp\/v2\/pages\/179","targetHints":{"allow":["GET"]}}],"collection":[{"href":"https:\/\/villamare.dk\/de\/wp-json\/wp\/v2\/pages"}],"about":[{"href":"https:\/\/villamare.dk\/de\/wp-json\/wp\/v2\/types\/page"}],"author":[{"embeddable":true,"href":"https:\/\/villamare.dk\/de\/wp-json\/wp\/v2\/users\/2"}],"replies":[{"embeddable":true,"href":"https:\/\/villamare.dk\/de\/wp-json\/wp\/v2\/comments?post=179"}],"version-history":[{"count":19,"href":"https:\/\/villamare.dk\/de\/wp-json\/wp\/v2\/pages\/179\/revisions"}],"predecessor-version":[{"id":2356,"href":"https:\/\/villamare.dk\/de\/wp-json\/wp\/v2\/pages\/179\/revisions\/2356"}],"wp:attachment":[{"href":"https:\/\/villamare.dk\/de\/wp-json\/wp\/v2\/media?parent=179"}],"curies":[{"name":"wp","href":"https:\/\/api.w.org\/{rel}","templated":true}]}}