{"id":178,"date":"2025-05-08T15:03:01","date_gmt":"2025-05-08T13:03:01","guid":{"rendered":"https:\/\/villamare.dk\/?page_id=178"},"modified":"2025-07-09T14:00:54","modified_gmt":"2025-07-09T12:00:54","slug":"cookiepolitik","status":"publish","type":"page","link":"https:\/\/villamare.dk\/en\/cookiepolitik\/","title":{"rendered":"Cookie Policy"},"content":{"rendered":"<div data-elementor-type=\"wp-page\" data-elementor-id=\"178\" class=\"elementor elementor-178\" data-elementor-post-type=\"page\">\n\t\t\t\t<div class=\"elementor-element elementor-element-67a52d4 e-flex e-con-boxed e-con e-parent\" data-id=\"67a52d4\" data-element_type=\"container\" data-settings=\"{&quot;background_background&quot;:&quot;slideshow&quot;,&quot;background_slideshow_gallery&quot;:[{&quot;id&quot;:302,&quot;url&quot;:&quot;https:\\\/\\\/villamare.dk\\\/wp-content\\\/uploads\\\/2025\\\/06\\\/baadlys-scaled.jpg&quot;}],&quot;background_slideshow_transition_duration&quot;:1000,&quot;background_slideshow_slide_transition&quot;:&quot;slide_right&quot;,&quot;background_slideshow_loop&quot;:&quot;yes&quot;,&quot;background_slideshow_slide_duration&quot;:5000}\">\n\t\t\t\t\t<div class=\"e-con-inner\">\n\t\t<div class=\"elementor-element elementor-element-4f03ac8 e-con-full e-flex e-con e-child\" data-id=\"4f03ac8\" data-element_type=\"container\">\n\t\t\t\t<div class=\"elementor-element elementor-element-cb8455c elementor-widget__width-initial elementor-invisible elementor-widget elementor-widget-heading\" data-id=\"cb8455c\" data-element_type=\"widget\" data-settings=\"{&quot;_animation&quot;:&quot;fadeInUp&quot;,&quot;_animation_delay&quot;:250}\" data-widget_type=\"heading.default\">\n\t\t\t\t<div class=\"elementor-widget-container\">\n\t\t\t\t\t<h1 class=\"elementor-heading-title elementor-size-default\">Cookie Policy<\/h1>\t\t\t\t<\/div>\n\t\t\t\t<\/div>\n\t\t\t\t<div class=\"elementor-element elementor-element-b04a0c6 elementor-widget-divider--view-line elementor-invisible elementor-widget elementor-widget-divider\" data-id=\"b04a0c6\" data-element_type=\"widget\" data-settings=\"{&quot;_animation&quot;:&quot;fadeIn&quot;}\" data-widget_type=\"divider.default\">\n\t\t\t\t<div class=\"elementor-widget-container\">\n\t\t\t\t\t\t\t<div class=\"elementor-divider\">\n\t\t\t<span class=\"elementor-divider-separator\">\n\t\t\t\t\t\t<\/span>\n\t\t<\/div>\n\t\t\t\t\t\t<\/div>\n\t\t\t\t<\/div>\n\t\t\t\t<div class=\"elementor-element elementor-element-99e98bc elementor-widget__width-initial elementor-invisible elementor-widget elementor-widget-text-editor\" data-id=\"99e98bc\" data-element_type=\"widget\" data-settings=\"{&quot;_animation&quot;:&quot;fadeInDown&quot;,&quot;_animation_delay&quot;:700}\" data-widget_type=\"text-editor.default\">\n\t\t\t\t<div class=\"elementor-widget-container\">\n\t\t\t\t\t\t\t\t\t<p data-start=\"138\" data-end=\"362\">We use cookies to give you the best possible experience on our website. Cookies help us understand how the site is used so that we can improve features, personalize content, and target relevant ads.<\/p><p data-start=\"138\" data-end=\"362\">You decide which types of cookies you want to accept \u2013 and you can change your preferences at any time.<\/p>\t\t\t\t\t\t\t\t<\/div>\n\t\t\t\t<\/div>\n\t\t\t\t<div class=\"elementor-element elementor-element-08846c4 elementor-mobile-align-justify elementor-invisible elementor-widget elementor-widget-button\" data-id=\"08846c4\" data-element_type=\"widget\" data-settings=\"{&quot;_animation&quot;:&quot;fadeIn&quot;,&quot;_animation_delay&quot;:1700}\" data-widget_type=\"button.default\">\n\t\t\t\t<div class=\"elementor-widget-container\">\n\t\t\t\t\t\t\t\t\t<div class=\"elementor-button-wrapper\">\n\t\t\t\t\t<a class=\"elementor-button elementor-button-link elementor-size-sm\" href=\"https:\/\/villamare.dk\/en\/\">\n\t\t\t\t\t\t<span class=\"elementor-button-content-wrapper\">\n\t\t\t\t\t\t\t\t\t<span class=\"elementor-button-text\">Go back to the front page<\/span>\n\t\t\t\t\t<\/span>\n\t\t\t\t\t<\/a>\n\t\t\t\t<\/div>\n\t\t\t\t\t\t\t\t<\/div>\n\t\t\t\t<\/div>\n\t\t\t\t<\/div>\n\t\t<div class=\"elementor-element elementor-element-ceaafeb e-con-full elementor-hidden-mobile e-flex e-con e-child\" data-id=\"ceaafeb\" data-element_type=\"container\">\n\t\t\t\t<\/div>\n\t\t\t\t\t<\/div>\n\t\t\t\t<\/div>\n\t\t<div class=\"elementor-element elementor-element-8f4e656 e-flex e-con-boxed e-con e-parent\" data-id=\"8f4e656\" data-element_type=\"container\">\n\t\t\t\t\t<div class=\"e-con-inner\">\n\t\t\t\t<div class=\"elementor-element elementor-element-8571b94 elementor-widget elementor-widget-text-editor\" data-id=\"8571b94\" data-element_type=\"widget\" data-widget_type=\"text-editor.default\">\n\t\t\t\t<div class=\"elementor-widget-container\">\n\t\t\t\t\t\t\t\t\t<p><strong>Use of cookies<\/strong><\/p><p>Here you can read LaMare Nordic ApS&#039;s policy on the use of cookies when visiting villamare.dk\/en. By visiting LaMare Nordic ApS&#039;s website, you accept the following policy on cookies.<\/p><p><a href=\"https:\/\/villamare.dk\/en\/privatlivspolitik\/\">Click here to go to privacy policy<\/a><\/p><h2>What is a cookie?<\/h2><p>A cookie is a small text file that is stored in the web browser on your computer, smartphone, iPad or whatever you use to access the internet. Cookies make it possible to identify your computer, etc. and collect information about your online behavior, including which pages and functions are visited with your browser, and to ensure that it functions technically. In some cases, cookies are necessary for a website to function as intended. A cookie is static and cannot spread computer viruses or otherwise distribute malicious programs. It is anonymous and contains no personal information. Cookies are used by virtually all websites.<\/p><h2>Types of cookies<\/h2><p>There are two types of cookies: session cookies and persistent cookies. Session cookies are automatically deleted from your browser when you close it. Persistent cookies are stored on your device for a specific period of time, after which they expire.<\/p><p>A distinction is also made between first-party cookies and third-party cookies. First-party cookies are set by the website you are visiting, third-party cookies are set by a third party that has elements embedded on the website you are visiting. Third-party cookies are set, among other things, by web analysis programs, such as Google Analytics and WebTrends.<\/p><p>This Cookie Policy only applies to villamare.dk\/en. When clicking on functions that navigate to other websites, LaMare Nordic ApS has no responsibility or control over which cookies are used.<\/p><h2>Cookies on villamare.dk\/en<\/h2><p><div class=\"cookie-manager--cookie-table\" data-cookie-declaration=\"\"><\/div><\/p><p>If none are found \u2013 list regular cookies<\/p><h2>How do you avoid or delete cookies?<\/h2><p>If you do not want cookies from villamare.dk\/en, you can always block all cookies, delete existing cookies on your computer, or receive a warning before a cookie is saved. All browsers allow you to delete cookies individually or all at once. How you do this depends on which browser you are using. Follow the links below to get instructions for your browser. Remember, if you use multiple browsers, you must delete cookies in all of them.<\/p><ul><li><a href=\"http:\/\/windows.microsoft.com\/da-DK\/windows-vista\/Delete-your-Internet-cookies\" target=\"_blank\" rel=\"noopener\">Instructions for deleting cookies on Microsoft Internet Explorer<\/a><\/li><li><a href=\"https:\/\/support.apple.com\/kb\/PH17191\" target=\"_blank\" rel=\"noopener\">Instructions for deleting cookies on Safari browser<\/a><\/li><li><a href=\"http:\/\/support.google.com\/chrome\/bin\/answer.py?hl=da&amp;answer=95647\" target=\"_blank\" rel=\"noopener\">Instructions for deleting cookies on Google Chrome browser<\/a><\/li><li><a href=\"http:\/\/support.mozilla.org\/da\/kb\/delete-cookies-remove-info-websites-stored?redirectlocale=en-US&amp;redirectslug=Deleting+cookies\" target=\"_blank\" rel=\"noopener\">Instructions for deleting cookies on Mozilla Firefox browser<\/a><\/li><li><a href=\"http:\/\/timeread.hubpages.com\/hub\/How-to-delete-internet-cookies-on-your-Droid-or-any-Android-device\" target=\"_blank\" rel=\"noopener\">Instructions for deleting cookies from Android phones<\/a><\/li><li><a href=\"http:\/\/help.opera.com\/Windows\/9.51\/da\/cookies.html\" target=\"_blank\" rel=\"noopener\">Instructions for deleting cookies on Opera browser<\/a><\/li><li><a href=\"http:\/\/support.apple.com\/kb\/HT1677?viewlocale=da_DK\" target=\"_blank\" rel=\"noopener\">Instructions for deleting cookies on iPad, iPhone, iPod touch<\/a><\/li><li><a href=\"https:\/\/kb.wisc.edu\/page.php?id=24078\" target=\"_blank\" rel=\"noopener\">Instructions for deleting cookies from Windows Phone<\/a><\/li><\/ul><h2>What happens if you do not accept or delete cookies?<\/h2><p>If you choose to block all cookies or delete existing cookies on your computer, you can still read text on villamare.dk\/en. However, there may be features and services you cannot use because they require the website to remember the choices you make.<\/p><h2>Rules<\/h2><p>The rules that apply to LaMare Nordic ApS&#039;s use of cookies are found below.<\/p><p><a href=\"https:\/\/www.retsinformation.dk\/Forms\/R0710.aspx?id=139279\" target=\"_blank\" rel=\"noopener\">Cookie Notice<br \/><\/a><a href=\"https:\/\/www.datatilsynet.dk\/regler-og-vejledning\/cookies-og-lignende-teknologier\" target=\"_blank\" rel=\"noopener\">Cookie guidelines<\/a><\/p><h2>Contact<\/h2><p>You are welcome to contact us if you have any further questions about the use of cookies on villamare.dk\/en.<\/p>\t\t\t\t\t\t\t\t<\/div>\n\t\t\t\t<\/div>\n\t\t\t\t\t<\/div>\n\t\t\t\t<\/div>\n\t\t\t\t<\/div>","protected":false},"excerpt":{"rendered":"<p>Cookie Policy We use cookies to give you the best possible experience on our website. Cookies help us understand how the site is used so that we can improve features, personalize content and target relevant ads. You decide which types of cookies you want to accept \u2013 and you can change your preferences at any time. Go [\u2026]<\/p>","protected":false},"author":2,"featured_media":0,"parent":0,"menu_order":0,"comment_status":"closed","ping_status":"closed","template":"","meta":{"footnotes":""},"class_list":["post-178","page","type-page","status-publish","hentry"],"yoast_head":"<!-- This site is optimized with the Yoast SEO plugin v25.4 - https:\/\/yoast.com\/wordpress\/plugins\/seo\/ -->\n<title>Cookiepolitik - LaMare Nordic ApS<\/title>\n<meta name=\"robots\" content=\"index, follow, max-snippet:-1, max-image-preview:large, max-video-preview:-1\" \/>\n<link rel=\"canonical\" href=\"https:\/\/villamare.dk\/en\/cookiepolitik\/\" \/>\n<meta property=\"og:locale\" content=\"en_GB\" \/>\n<meta property=\"og:type\" content=\"article\" \/>\n<meta property=\"og:title\" content=\"Cookiepolitik - LaMare Nordic ApS\" \/>\n<meta property=\"og:description\" content=\"Cookiepolitik Vi bruger cookies for at give dig den bedst mulige oplevelse p\u00e5 vores hjemmeside. Cookies hj\u00e6lper os med at forst\u00e5, hvordan siden bruges, s\u00e5 vi kan forbedre funktioner, personalisere indhold og m\u00e5lrette relevante annoncer. Du bestemmer selv, hvilke typer cookies du vil acceptere \u2013 og du kan til enhver tid \u00e6ndre dine pr\u00e6ferencer. G\u00e5 [&hellip;]\" \/>\n<meta property=\"og:url\" content=\"https:\/\/villamare.dk\/en\/cookiepolitik\/\" \/>\n<meta property=\"og:site_name\" content=\"LaMare Nordic ApS\" \/>\n<meta property=\"article:modified_time\" content=\"2025-07-09T12:00:54+00:00\" \/>\n<meta name=\"twitter:card\" content=\"summary_large_image\" \/>\n<meta name=\"twitter:label1\" content=\"Estimated reading time\" \/>\n\t<meta name=\"twitter:data1\" content=\"19 minutes\" \/>\n<script type=\"application\/ld+json\" class=\"yoast-schema-graph\">{\"@context\":\"https:\/\/schema.org\",\"@graph\":[{\"@type\":\"WebPage\",\"@id\":\"https:\/\/villamare.dk\/cookiepolitik\/\",\"url\":\"https:\/\/villamare.dk\/cookiepolitik\/\",\"name\":\"Cookiepolitik - LaMare Nordic ApS\",\"isPartOf\":{\"@id\":\"https:\/\/villamare.dk\/#website\"},\"datePublished\":\"2025-05-08T13:03:01+00:00\",\"dateModified\":\"2025-07-09T12:00:54+00:00\",\"breadcrumb\":{\"@id\":\"https:\/\/villamare.dk\/cookiepolitik\/#breadcrumb\"},\"inLanguage\":\"en-GB\",\"potentialAction\":[{\"@type\":\"ReadAction\",\"target\":[\"https:\/\/villamare.dk\/cookiepolitik\/\"]}]},{\"@type\":\"BreadcrumbList\",\"@id\":\"https:\/\/villamare.dk\/cookiepolitik\/#breadcrumb\",\"itemListElement\":[{\"@type\":\"ListItem\",\"position\":1,\"name\":\"Home\",\"item\":\"https:\/\/villamare.dk\/\"},{\"@type\":\"ListItem\",\"position\":2,\"name\":\"Cookiepolitik\"}]},{\"@type\":\"WebSite\",\"@id\":\"https:\/\/villamare.dk\/#website\",\"url\":\"https:\/\/villamare.dk\/\",\"name\":\"LaMare Nordic ApS\",\"description\":\"\",\"publisher\":{\"@id\":\"https:\/\/villamare.dk\/#organization\"},\"potentialAction\":[{\"@type\":\"SearchAction\",\"target\":{\"@type\":\"EntryPoint\",\"urlTemplate\":\"https:\/\/villamare.dk\/?s={search_term_string}\"},\"query-input\":{\"@type\":\"PropertyValueSpecification\",\"valueRequired\":true,\"valueName\":\"search_term_string\"}}],\"inLanguage\":\"en-GB\"},{\"@type\":\"Organization\",\"@id\":\"https:\/\/villamare.dk\/#organization\",\"name\":\"LaMare Nordic ApS\",\"url\":\"https:\/\/villamare.dk\/\",\"logo\":{\"@type\":\"ImageObject\",\"inLanguage\":\"en-GB\",\"@id\":\"https:\/\/villamare.dk\/#\/schema\/logo\/image\/\",\"url\":\"https:\/\/villamare.dk\/wp-content\/uploads\/2024\/10\/Villa-Mare-1.svg\",\"contentUrl\":\"https:\/\/villamare.dk\/wp-content\/uploads\/2024\/10\/Villa-Mare-1.svg\",\"width\":1201,\"height\":332,\"caption\":\"LaMare Nordic ApS\"},\"image\":{\"@id\":\"https:\/\/villamare.dk\/#\/schema\/logo\/image\/\"}}]}<\/script>\n<!-- \/ Yoast SEO plugin. -->","yoast_head_json":{"title":"Cookiepolitik - LaMare Nordic ApS","robots":{"index":"index","follow":"follow","max-snippet":"max-snippet:-1","max-image-preview":"max-image-preview:large","max-video-preview":"max-video-preview:-1"},"canonical":"https:\/\/villamare.dk\/en\/cookiepolitik\/","og_locale":"en_GB","og_type":"article","og_title":"Cookiepolitik - LaMare Nordic ApS","og_description":"Cookiepolitik Vi bruger cookies for at give dig den bedst mulige oplevelse p\u00e5 vores hjemmeside. Cookies hj\u00e6lper os med at forst\u00e5, hvordan siden bruges, s\u00e5 vi kan forbedre funktioner, personalisere indhold og m\u00e5lrette relevante annoncer. Du bestemmer selv, hvilke typer cookies du vil acceptere \u2013 og du kan til enhver tid \u00e6ndre dine pr\u00e6ferencer. G\u00e5 [&hellip;]","og_url":"https:\/\/villamare.dk\/en\/cookiepolitik\/","og_site_name":"LaMare Nordic ApS","article_modified_time":"2025-07-09T12:00:54+00:00","twitter_card":"summary_large_image","twitter_misc":{"Estimated reading time":"19 minutes"},"schema":{"@context":"https:\/\/schema.org","@graph":[{"@type":"WebPage","@id":"https:\/\/villamare.dk\/cookiepolitik\/","url":"https:\/\/villamare.dk\/cookiepolitik\/","name":"Cookiepolitik - LaMare Nordic ApS","isPartOf":{"@id":"https:\/\/villamare.dk\/#website"},"datePublished":"2025-05-08T13:03:01+00:00","dateModified":"2025-07-09T12:00:54+00:00","breadcrumb":{"@id":"https:\/\/villamare.dk\/cookiepolitik\/#breadcrumb"},"inLanguage":"en-GB","potentialAction":[{"@type":"ReadAction","target":["https:\/\/villamare.dk\/cookiepolitik\/"]}]},{"@type":"BreadcrumbList","@id":"https:\/\/villamare.dk\/cookiepolitik\/#breadcrumb","itemListElement":[{"@type":"ListItem","position":1,"name":"Home","item":"https:\/\/villamare.dk\/"},{"@type":"ListItem","position":2,"name":"Cookiepolitik"}]},{"@type":"WebSite","@id":"https:\/\/villamare.dk\/#website","url":"https:\/\/villamare.dk\/","name":"LaMare Nordic ApS","description":"","publisher":{"@id":"https:\/\/villamare.dk\/#organization"},"potentialAction":[{"@type":"SearchAction","target":{"@type":"EntryPoint","urlTemplate":"https:\/\/villamare.dk\/?s={search_term_string}"},"query-input":{"@type":"PropertyValueSpecification","valueRequired":true,"valueName":"search_term_string"}}],"inLanguage":"en-GB"},{"@type":"Organization","@id":"https:\/\/villamare.dk\/#organization","name":"LaMare Nordic ApS","url":"https:\/\/villamare.dk\/","logo":{"@type":"ImageObject","inLanguage":"en-GB","@id":"https:\/\/villamare.dk\/#\/schema\/logo\/image\/","url":"https:\/\/villamare.dk\/wp-content\/uploads\/2024\/10\/Villa-Mare-1.svg","contentUrl":"https:\/\/villamare.dk\/wp-content\/uploads\/2024\/10\/Villa-Mare-1.svg","width":1201,"height":332,"caption":"LaMare Nordic ApS"},"image":{"@id":"https:\/\/villamare.dk\/#\/schema\/logo\/image\/"}}]}},"_links":{"self":[{"href":"https:\/\/villamare.dk\/en\/wp-json\/wp\/v2\/pages\/178","targetHints":{"allow":["GET"]}}],"collection":[{"href":"https:\/\/villamare.dk\/en\/wp-json\/wp\/v2\/pages"}],"about":[{"href":"https:\/\/villamare.dk\/en\/wp-json\/wp\/v2\/types\/page"}],"author":[{"embeddable":true,"href":"https:\/\/villamare.dk\/en\/wp-json\/wp\/v2\/users\/2"}],"replies":[{"embeddable":true,"href":"https:\/\/villamare.dk\/en\/wp-json\/wp\/v2\/comments?post=178"}],"version-history":[{"count":28,"href":"https:\/\/villamare.dk\/en\/wp-json\/wp\/v2\/pages\/178\/revisions"}],"predecessor-version":[{"id":2353,"href":"https:\/\/villamare.dk\/en\/wp-json\/wp\/v2\/pages\/178\/revisions\/2353"}],"wp:attachment":[{"href":"https:\/\/villamare.dk\/en\/wp-json\/wp\/v2\/media?parent=178"}],"curies":[{"name":"wp","href":"https:\/\/api.w.org\/{rel}","templated":true}]}}