{"id":1984,"date":"2025-07-03T09:23:18","date_gmt":"2025-07-03T07:23:18","guid":{"rendered":"https:\/\/villamare.dk\/?page_id=1984"},"modified":"2025-07-03T09:26:14","modified_gmt":"2025-07-03T07:26:14","slug":"handelsbetingelser","status":"publish","type":"page","link":"https:\/\/villamare.dk\/en\/handelsbetingelser\/","title":{"rendered":"Terms of Trade"},"content":{"rendered":"<div data-elementor-type=\"wp-page\" data-elementor-id=\"1984\" class=\"elementor elementor-1984\" data-elementor-post-type=\"page\">\n\t\t\t\t<div class=\"elementor-element elementor-element-b9d3015 e-flex e-con-boxed e-con e-parent\" data-id=\"b9d3015\" data-element_type=\"container\" data-settings=\"{&quot;background_background&quot;:&quot;slideshow&quot;,&quot;background_slideshow_gallery&quot;:[{&quot;id&quot;:302,&quot;url&quot;:&quot;https:\\\/\\\/villamare.dk\\\/wp-content\\\/uploads\\\/2025\\\/06\\\/baadlys-scaled.jpg&quot;},{&quot;id&quot;:1569,&quot;url&quot;:&quot;https:\\\/\\\/villamare.dk\\\/wp-content\\\/uploads\\\/2025\\\/06\\\/Nye-pics-Villa-Mare-Dageloekke-Spa-Wellness.jpg&quot;},{&quot;id&quot;:294,&quot;url&quot;:&quot;https:\\\/\\\/villamare.dk\\\/wp-content\\\/uploads\\\/2025\\\/06\\\/baadmoerk-scaled-e1749807967821.jpg&quot;}],&quot;background_slideshow_transition_duration&quot;:1000,&quot;background_slideshow_slide_transition&quot;:&quot;slide_right&quot;,&quot;background_slideshow_loop&quot;:&quot;yes&quot;,&quot;background_slideshow_slide_duration&quot;:5000}\">\n\t\t\t\t\t<div class=\"e-con-inner\">\n\t\t<div class=\"elementor-element elementor-element-eea3773 e-con-full e-flex e-con e-child\" data-id=\"eea3773\" data-element_type=\"container\">\n\t\t\t\t<div class=\"elementor-element elementor-element-318b0ec elementor-widget__width-initial elementor-invisible elementor-widget elementor-widget-heading\" data-id=\"318b0ec\" data-element_type=\"widget\" data-settings=\"{&quot;_animation&quot;:&quot;fadeInUp&quot;,&quot;_animation_delay&quot;:250}\" data-widget_type=\"heading.default\">\n\t\t\t\t<div class=\"elementor-widget-container\">\n\t\t\t\t\t<h1 class=\"elementor-heading-title elementor-size-default\">Terms of Trade<\/h1>\t\t\t\t<\/div>\n\t\t\t\t<\/div>\n\t\t\t\t<div class=\"elementor-element elementor-element-3e28a5c elementor-widget-divider--view-line elementor-invisible elementor-widget elementor-widget-divider\" data-id=\"3e28a5c\" data-element_type=\"widget\" data-settings=\"{&quot;_animation&quot;:&quot;fadeIn&quot;}\" data-widget_type=\"divider.default\">\n\t\t\t\t<div class=\"elementor-widget-container\">\n\t\t\t\t\t\t\t<div class=\"elementor-divider\">\n\t\t\t<span class=\"elementor-divider-separator\">\n\t\t\t\t\t\t<\/span>\n\t\t<\/div>\n\t\t\t\t\t\t<\/div>\n\t\t\t\t<\/div>\n\t\t\t\t<div class=\"elementor-element elementor-element-1fb28ad elementor-mobile-align-justify elementor-invisible elementor-widget elementor-widget-button\" data-id=\"1fb28ad\" data-element_type=\"widget\" data-settings=\"{&quot;_animation&quot;:&quot;fadeIn&quot;,&quot;_animation_delay&quot;:1700}\" data-widget_type=\"button.default\">\n\t\t\t\t<div class=\"elementor-widget-container\">\n\t\t\t\t\t\t\t\t\t<div class=\"elementor-button-wrapper\">\n\t\t\t\t\t<a class=\"elementor-button elementor-button-link elementor-size-sm\" href=\"https:\/\/villamare.dk\/en\/\">\n\t\t\t\t\t\t<span class=\"elementor-button-content-wrapper\">\n\t\t\t\t\t\t\t\t\t<span class=\"elementor-button-text\">Go back to the front page<\/span>\n\t\t\t\t\t<\/span>\n\t\t\t\t\t<\/a>\n\t\t\t\t<\/div>\n\t\t\t\t\t\t\t\t<\/div>\n\t\t\t\t<\/div>\n\t\t\t\t<\/div>\n\t\t<div class=\"elementor-element elementor-element-0fbd80b e-con-full elementor-hidden-mobile e-flex e-con e-child\" data-id=\"0fbd80b\" data-element_type=\"container\">\n\t\t\t\t<\/div>\n\t\t\t\t\t<\/div>\n\t\t\t\t<\/div>\n\t\t<div class=\"elementor-element elementor-element-f790268 e-flex e-con-boxed e-con e-parent\" data-id=\"f790268\" data-element_type=\"container\">\n\t\t\t\t\t<div class=\"e-con-inner\">\n\t\t\t\t<div class=\"elementor-element elementor-element-b7aa9b5 elementor-widget elementor-widget-text-editor\" data-id=\"b7aa9b5\" data-element_type=\"widget\" data-widget_type=\"text-editor.default\">\n\t\t\t\t<div class=\"elementor-widget-container\">\n\t\t\t\t\t\t\t\t\t<p>SALES AND DELIVERY TERMS<br \/>Company information<br \/>Lamare Nordic ApS<br \/>Refshalevej 325<br \/>1432 Copenhagen K<br \/>CVR no.: 45607763<br \/>Email: info@villamare.dk<\/p><p><br \/><strong>Booking and confirmation<\/strong><br \/>Gift certificates are valid for 12 months from the date of purchase, and are issued by Lamare Nordic for use in connection with the rental of villa mare at the address Dagel\u00f8kke Havn 5-7, 5953 Tranek\u00e6r. The gift certificate<br \/>is not personal, this also means that a lost gift card cannot be refunded. The gift card can only be used during the period that Villa Mare is open, i.e. April \u2013<br \/>September, Lamare Nordic is currently closed for the winter months.<\/p><p><br \/><strong>Right of withdrawal<\/strong><br \/>If you cancel your purchase of a booking or gift card, it can be refunded within the scope of applicable legislation. The right of cancellation runs from the time you receive the goods.<br \/>If you wish to exercise your right of withdrawal, please contact:<br \/>Lamare Nordic<br \/>info@villamare.dk<\/p><p><br \/><strong>Payment<\/strong><br \/>Lamare nordic accepts the following credit cards: Dankort, Visa, Mobilepay, Visa Electron, MasterCard, Maestro &amp; JCB<br \/>All prices are in DKK and include VAT.<\/p><p><br \/><strong>Cancellation policy<\/strong><br \/>If you want to cancel your booking, you must send an email with your full name and booking ID to Lamare nordic at info@villamare.dk<\/p><p><br \/>You can cancel your booking at Villa Mare free of charge up to 7 days before your reservation \u2013 this can be done directly through your confirmation email. In the event that you are forced to<br \/>to cancel your reservation after that, you will be charged a late cancellation fee of DKK 1500.<\/p><p><br \/><strong>Cancellations made later than 48 hours before the booked time will not result in any refund for the purchased service.<\/strong><br \/>Lamare Nordic has the right to cancel the booking at any time up to the reservation in the event of unforeseen circumstances such as weather conditions, power outages or other circumstances that could not be<br \/>be anticipated. In such cases, the full amount will be refunded.<\/p>\t\t\t\t\t\t\t\t<\/div>\n\t\t\t\t<\/div>\n\t\t\t\t\t<\/div>\n\t\t\t\t<\/div>\n\t\t\t\t<\/div>","protected":false},"excerpt":{"rendered":"<p>Terms of Trade Go back to the front page TERMS OF SALE AND DELIVERYCompany informationLamare Nordic ApSRefshalevej 3251432 Copenhagen KCVR no.: 45607763E-mail: info@villamare.dk Booking and confirmationGift cards are valid for 12 months from the date of purchase, and are issued by Lamare Nordic for use in connection with renting villa mare at the address Dagel\u00f8kke Havn 5-7, 5953 Tranek\u00e6r. Gift cards are not personal, this also means that a lost gift card [\u2026]<\/p>","protected":false},"author":2,"featured_media":0,"parent":0,"menu_order":0,"comment_status":"closed","ping_status":"closed","template":"","meta":{"footnotes":""},"class_list":["post-1984","page","type-page","status-publish","hentry"],"yoast_head":"<!-- This site is optimized with the Yoast SEO plugin v25.4 - https:\/\/yoast.com\/wordpress\/plugins\/seo\/ -->\n<title>Handelsbetingelser - LaMare Nordic ApS<\/title>\n<meta name=\"robots\" content=\"index, follow, max-snippet:-1, max-image-preview:large, max-video-preview:-1\" \/>\n<link rel=\"canonical\" href=\"https:\/\/villamare.dk\/en\/handelsbetingelser\/\" \/>\n<meta property=\"og:locale\" content=\"en_GB\" \/>\n<meta property=\"og:type\" content=\"article\" \/>\n<meta property=\"og:title\" content=\"Handelsbetingelser - LaMare Nordic ApS\" \/>\n<meta property=\"og:description\" content=\"Handelsbetingelser G\u00e5 tilbage til forsiden SALGS OG LEVERINGSBETINGELSERSelskabsinformationLamare Nordic ApSRefshalevej 3251432 K\u00f8benhavn KCVR-nr.: 45607763E-mail: info@villamare.dk Booking og bekr\u00e6ftelseGavekort er gyldige 12 mdr. Fra k\u00f8bsdato, og udstedes af Lamare nordic til brug i forbindelse med leje af villa mare p\u00e5 adressen Dagel\u00f8kke Havn 5-7, 5953 Tranek\u00e6r. Gavekorteter ikke personligt, det betyder ogs\u00e5 at et mistet gavekort [&hellip;]\" \/>\n<meta property=\"og:url\" content=\"https:\/\/villamare.dk\/en\/handelsbetingelser\/\" \/>\n<meta property=\"og:site_name\" content=\"LaMare Nordic ApS\" \/>\n<meta property=\"article:modified_time\" content=\"2025-07-03T07:26:14+00:00\" \/>\n<meta name=\"twitter:card\" content=\"summary_large_image\" \/>\n<meta name=\"twitter:label1\" content=\"Estimated reading time\" \/>\n\t<meta name=\"twitter:data1\" content=\"2 minutes\" \/>\n<script type=\"application\/ld+json\" class=\"yoast-schema-graph\">{\"@context\":\"https:\/\/schema.org\",\"@graph\":[{\"@type\":\"WebPage\",\"@id\":\"https:\/\/villamare.dk\/handelsbetingelser\/\",\"url\":\"https:\/\/villamare.dk\/handelsbetingelser\/\",\"name\":\"Handelsbetingelser - LaMare Nordic ApS\",\"isPartOf\":{\"@id\":\"https:\/\/villamare.dk\/#website\"},\"datePublished\":\"2025-07-03T07:23:18+00:00\",\"dateModified\":\"2025-07-03T07:26:14+00:00\",\"breadcrumb\":{\"@id\":\"https:\/\/villamare.dk\/handelsbetingelser\/#breadcrumb\"},\"inLanguage\":\"en-GB\",\"potentialAction\":[{\"@type\":\"ReadAction\",\"target\":[\"https:\/\/villamare.dk\/handelsbetingelser\/\"]}]},{\"@type\":\"BreadcrumbList\",\"@id\":\"https:\/\/villamare.dk\/handelsbetingelser\/#breadcrumb\",\"itemListElement\":[{\"@type\":\"ListItem\",\"position\":1,\"name\":\"Home\",\"item\":\"https:\/\/villamare.dk\/\"},{\"@type\":\"ListItem\",\"position\":2,\"name\":\"Handelsbetingelser\"}]},{\"@type\":\"WebSite\",\"@id\":\"https:\/\/villamare.dk\/#website\",\"url\":\"https:\/\/villamare.dk\/\",\"name\":\"LaMare Nordic ApS\",\"description\":\"\",\"publisher\":{\"@id\":\"https:\/\/villamare.dk\/#organization\"},\"potentialAction\":[{\"@type\":\"SearchAction\",\"target\":{\"@type\":\"EntryPoint\",\"urlTemplate\":\"https:\/\/villamare.dk\/?s={search_term_string}\"},\"query-input\":{\"@type\":\"PropertyValueSpecification\",\"valueRequired\":true,\"valueName\":\"search_term_string\"}}],\"inLanguage\":\"en-GB\"},{\"@type\":\"Organization\",\"@id\":\"https:\/\/villamare.dk\/#organization\",\"name\":\"LaMare Nordic ApS\",\"url\":\"https:\/\/villamare.dk\/\",\"logo\":{\"@type\":\"ImageObject\",\"inLanguage\":\"en-GB\",\"@id\":\"https:\/\/villamare.dk\/#\/schema\/logo\/image\/\",\"url\":\"https:\/\/villamare.dk\/wp-content\/uploads\/2024\/10\/Villa-Mare-1.svg\",\"contentUrl\":\"https:\/\/villamare.dk\/wp-content\/uploads\/2024\/10\/Villa-Mare-1.svg\",\"width\":1201,\"height\":332,\"caption\":\"LaMare Nordic ApS\"},\"image\":{\"@id\":\"https:\/\/villamare.dk\/#\/schema\/logo\/image\/\"}}]}<\/script>\n<!-- \/ Yoast SEO plugin. -->","yoast_head_json":{"title":"Handelsbetingelser - LaMare Nordic ApS","robots":{"index":"index","follow":"follow","max-snippet":"max-snippet:-1","max-image-preview":"max-image-preview:large","max-video-preview":"max-video-preview:-1"},"canonical":"https:\/\/villamare.dk\/en\/handelsbetingelser\/","og_locale":"en_GB","og_type":"article","og_title":"Handelsbetingelser - LaMare Nordic ApS","og_description":"Handelsbetingelser G\u00e5 tilbage til forsiden SALGS OG LEVERINGSBETINGELSERSelskabsinformationLamare Nordic ApSRefshalevej 3251432 K\u00f8benhavn KCVR-nr.: 45607763E-mail: info@villamare.dk Booking og bekr\u00e6ftelseGavekort er gyldige 12 mdr. Fra k\u00f8bsdato, og udstedes af Lamare nordic til brug i forbindelse med leje af villa mare p\u00e5 adressen Dagel\u00f8kke Havn 5-7, 5953 Tranek\u00e6r. Gavekorteter ikke personligt, det betyder ogs\u00e5 at et mistet gavekort [&hellip;]","og_url":"https:\/\/villamare.dk\/en\/handelsbetingelser\/","og_site_name":"LaMare Nordic ApS","article_modified_time":"2025-07-03T07:26:14+00:00","twitter_card":"summary_large_image","twitter_misc":{"Estimated reading time":"2 minutes"},"schema":{"@context":"https:\/\/schema.org","@graph":[{"@type":"WebPage","@id":"https:\/\/villamare.dk\/handelsbetingelser\/","url":"https:\/\/villamare.dk\/handelsbetingelser\/","name":"Handelsbetingelser - LaMare Nordic ApS","isPartOf":{"@id":"https:\/\/villamare.dk\/#website"},"datePublished":"2025-07-03T07:23:18+00:00","dateModified":"2025-07-03T07:26:14+00:00","breadcrumb":{"@id":"https:\/\/villamare.dk\/handelsbetingelser\/#breadcrumb"},"inLanguage":"en-GB","potentialAction":[{"@type":"ReadAction","target":["https:\/\/villamare.dk\/handelsbetingelser\/"]}]},{"@type":"BreadcrumbList","@id":"https:\/\/villamare.dk\/handelsbetingelser\/#breadcrumb","itemListElement":[{"@type":"ListItem","position":1,"name":"Home","item":"https:\/\/villamare.dk\/"},{"@type":"ListItem","position":2,"name":"Handelsbetingelser"}]},{"@type":"WebSite","@id":"https:\/\/villamare.dk\/#website","url":"https:\/\/villamare.dk\/","name":"LaMare Nordic ApS","description":"","publisher":{"@id":"https:\/\/villamare.dk\/#organization"},"potentialAction":[{"@type":"SearchAction","target":{"@type":"EntryPoint","urlTemplate":"https:\/\/villamare.dk\/?s={search_term_string}"},"query-input":{"@type":"PropertyValueSpecification","valueRequired":true,"valueName":"search_term_string"}}],"inLanguage":"en-GB"},{"@type":"Organization","@id":"https:\/\/villamare.dk\/#organization","name":"LaMare Nordic ApS","url":"https:\/\/villamare.dk\/","logo":{"@type":"ImageObject","inLanguage":"en-GB","@id":"https:\/\/villamare.dk\/#\/schema\/logo\/image\/","url":"https:\/\/villamare.dk\/wp-content\/uploads\/2024\/10\/Villa-Mare-1.svg","contentUrl":"https:\/\/villamare.dk\/wp-content\/uploads\/2024\/10\/Villa-Mare-1.svg","width":1201,"height":332,"caption":"LaMare Nordic ApS"},"image":{"@id":"https:\/\/villamare.dk\/#\/schema\/logo\/image\/"}}]}},"_links":{"self":[{"href":"https:\/\/villamare.dk\/en\/wp-json\/wp\/v2\/pages\/1984","targetHints":{"allow":["GET"]}}],"collection":[{"href":"https:\/\/villamare.dk\/en\/wp-json\/wp\/v2\/pages"}],"about":[{"href":"https:\/\/villamare.dk\/en\/wp-json\/wp\/v2\/types\/page"}],"author":[{"embeddable":true,"href":"https:\/\/villamare.dk\/en\/wp-json\/wp\/v2\/users\/2"}],"replies":[{"embeddable":true,"href":"https:\/\/villamare.dk\/en\/wp-json\/wp\/v2\/comments?post=1984"}],"version-history":[{"count":5,"href":"https:\/\/villamare.dk\/en\/wp-json\/wp\/v2\/pages\/1984\/revisions"}],"predecessor-version":[{"id":1989,"href":"https:\/\/villamare.dk\/en\/wp-json\/wp\/v2\/pages\/1984\/revisions\/1989"}],"wp:attachment":[{"href":"https:\/\/villamare.dk\/en\/wp-json\/wp\/v2\/media?parent=1984"}],"curies":[{"name":"wp","href":"https:\/\/api.w.org\/{rel}","templated":true}]}}